{"id":15963,"date":"2025-04-04T09:49:55","date_gmt":"2025-04-04T09:49:55","guid":{"rendered":"https:\/\/ccal.ro\/?page_id=15963"},"modified":"2025-08-11T11:46:24","modified_gmt":"2025-08-11T11:46:24","slug":"palyazatok","status":"publish","type":"page","link":"https:\/\/ccal.ro\/hu\/palyazatok\/","title":{"rendered":"P\u00e1ly\u00e1zatok"},"content":{"rendered":"\n<h4 class=\"wp-block-heading has-text-align-center\"><strong>P\u00c1LY\u00c1ZATI FELH\u00cdV\u00c1S<br>kultur\u00e1lis p\u00e1ly\u00e1zati ki\u00edr\u00e1s Hargita megyei kultur\u00e1lis projektek t\u00e1mogat\u00e1s\u00e1ra a 2025-\u00f6s \u00e9vben<\/strong><\/h4>\n\n\n\n<p>A t\u00e1mogat\u00f3 int\u00e9zm\u00e9ny megnevez\u00e9se: Gyergy\u00f3sz\u00e1rhegyi Kultur\u00e1lis \u00e9s M\u0171v\u00e9szeti K\u00f6zpont, 537135-Gyergy\u00f3sz\u00e1rhegy, Both Ferenc t\u00e9r 55o. sz\u00e1m, ad\u00f3sz\u00e1m: 9544359, telefon: 0757.200.291.<br>P\u00e1ly\u00e1zhatnak: A rom\u00e1n vagy a sz\u00e1rmaz\u00e1si orsz\u00e1g t\u00f6rv\u00e9nyeinek megfelel\u0151en l\u00e9trehozott \u00e9s bejegyzett rom\u00e1n vagy k\u00fclf\u00f6ldi, jogi- \u00e9s fizikai szem\u00e9lyek, egy\u00e9ni v\u00e1llalkoz\u00e1sok, csal\u00e1di v\u00e1llalkoz\u00e1sok, akik k\u00fcl\u00f6nb\u00f6z\u0151 kultur\u00e1lis projekteket folytatnak.<br>Jogszab\u00e1lyok:<br>Az 51\/1998-as sz\u00e1m\u00fa korm\u00e1nyrendelet a kultur\u00e1lis projektek finansz\u00edroz\u00e1si rendszer\u00e9nek jav\u00edt\u00e1s\u00e1r\u00f3l, az ut\u00f3lagos m\u00f3dos\u00edt\u00e1sokkal \u00e9s kieg\u00e9sz\u00edt\u00e9sekkel;<br>T\u00e1mogatott tev\u00e9kenys\u00e9gek:<br>A rom\u00e1n vagy a sz\u00e1rmaz\u00e1si orsz\u00e1g t\u00f6rv\u00e9nyeinek megfelel\u0151en l\u00e9trehozott \u00e9s bejegyzett rom\u00e1n vagy k\u00fclf\u00f6ldi, jogi- \u00e9s fizikai szem\u00e9lyek, egy\u00e9ni v\u00e1llalkoz\u00e1sok, csal\u00e1di v\u00e1llalkoz\u00e1sok tev\u00e9kenys\u00e9gei, amelyek c\u00e9lja a Hargita megyei kultur\u00e1lis \u00e9let serkent\u00e9se \u00e9s n\u00e9pszer\u0171s\u00edt\u00e9se.<br><br>A 2025-\u00f6s \u00e9vre el\u0151ir\u00e1nyzott keret\u00f6sszeg: 270.000 lej.<br>A program futamideje: a 2025-\u00f6s k\u00f6lts\u00e9gvet\u00e9si \u00e9v.<br>A p\u00e1ly\u00e1zat lead\u00e1si m\u00f3dja \u00e9s hat\u00e1rideje:<br>A p\u00e1ly\u00e1zatokat a <a href=\"https:\/\/palyazatiprogramok.hargitamegye.ro\">https:\/\/palyazatiprogramok.hargitamegye.ro<\/a> online platformra sz\u00fcks\u00e9ges felt\u00f6lteni, majd a platform keret\u00e9ben let\u00f6lt\u00f6tt PDF form\u00e1tum\u00fa, elektronikus al\u00e1\u00edr\u00e1ssal ell\u00e1tott p\u00e1ly\u00e1zatot vissza kell t\u00f6lteni a platformra, ugyanakkor a p\u00e1ly\u00e1zatot sz\u00fcks\u00e9ges elk\u00fcldeni az <a href=\"mailto:cultural.artcenter.lazarea@gmail.com\">cultural.artcenter.lazarea@gmail.com<\/a> \u00e9s az <a href=\"mailto:olah.zoltan1k84@gmail.com\">olah.zoltan1k84@gmail.com<\/a> e-mail c\u00edmekre a p\u00e1ly\u00e1zat felt\u00f6lt\u00e9s\u00e9nek napj\u00e1n.&nbsp;A pdf f\u00e1jl neve r\u00f6viden kell tartalmazza a t\u00e1mogat\u00e1st ig\u00e9nyl\u0151 szervezet nev\u00e9t \u00e9s a p\u00e1ly\u00e1zat c\u00edm\u00e9t r\u00f6vid\u00edtve. A p\u00e1ly\u00e1zatok felt\u00f6lt\u00e9si hat\u00e1rideje: 2025. j\u00fanius 11, 12:00 \u00f3ra.<br>A kultur\u00e1lis aj\u00e1nlatok postai \u00faton is elk\u00fcldhet\u0151k a Gyergy\u00f3sz\u00e1rhegyi Kultur\u00e1lis \u00e9s M\u0171v\u00e9szeti K\u00f6zpont titk\u00e1rs\u00e1g\u00e1ra pap\u00edr alapon, k\u00e9zi al\u00e1\u00edr\u00e1ssal ell\u00e1tva, ezek be\u00e9rkez\u00e9si hat\u00e1rideje a titk\u00e1rs\u00e1gra 2025. j\u00fanius 11, 12:00 \u00f3ra.<br>A p\u00e1ly\u00e1zati \u00fatmutat\u00f3 megtal\u00e1lhat\u00f3 a <a href=\"https:\/\/ccal.ro\/\" data-type=\"URL\" data-id=\"https:\/\/ccal.ro\/\">www.ccal.ro<\/a> oldalon, kapcsolattart\u00f3 szem\u00e9ly: Ol\u00e1h Zolt\u00e1n, tel: 0757.200.291, email c\u00edm: <a href=\"mailto:olah.zoltan1k84@gmail.com\">olah.zoltan1k84@gmail.com<\/a><\/p>\n\n\n\n<div class=\"wp-block-file\"><a id=\"wp-block-file--media-b2271fce-8775-4a2a-8958-e00d53d6f777\" href=\"https:\/\/ccal.ro\/wp-content\/uploads\/2025\/05\/Anexa-2-Ghidul-Solicit-CCAL-2025.doc\">Anexa-2-Ghidul-Solicit-CCAL-2025<\/a><a href=\"https:\/\/ccal.ro\/wp-content\/uploads\/2025\/05\/Anexa-2-Ghidul-Solicit-CCAL-2025.doc\" class=\"wp-block-file__button wp-element-button\" download aria-describedby=\"wp-block-file--media-b2271fce-8775-4a2a-8958-e00d53d6f777\">Let\u00f6lt\u00e9s<\/a><\/div>\n\n\n\n<div class=\"wp-block-file\"><a id=\"wp-block-file--media-a15112bf-4ff7-4d41-8705-bdbaa87de974\" href=\"https:\/\/ccal.ro\/wp-content\/uploads\/2025\/05\/Anexa-4-Oferta-culturala-2025.doc\">Anexa-4-Oferta-culturala-2025<\/a><a href=\"https:\/\/ccal.ro\/wp-content\/uploads\/2025\/05\/Anexa-4-Oferta-culturala-2025.doc\" class=\"wp-block-file__button wp-element-button\" download aria-describedby=\"wp-block-file--media-a15112bf-4ff7-4d41-8705-bdbaa87de974\">Let\u00f6lt\u00e9s<\/a><\/div>\n\n\n\n<div class=\"wp-block-file\"><a id=\"wp-block-file--media-9a783cea-931c-4122-988e-8b254f9b9580\" href=\"https:\/\/ccal.ro\/wp-content\/uploads\/2025\/06\/projecte-depuse.pdf\" target=\"_blank\" rel=\"noreferrer noopener\">Leadott p\u00e1ly\u00e1zatok<\/a><a href=\"https:\/\/ccal.ro\/wp-content\/uploads\/2025\/06\/projecte-depuse.pdf\" class=\"wp-block-file__button wp-element-button\" download aria-describedby=\"wp-block-file--media-9a783cea-931c-4122-988e-8b254f9b9580\">Let\u00f6lt\u00e9s<\/a><\/div>\n\n\n\n<div class=\"wp-block-file\"><a id=\"wp-block-file--media-44bee4db-5ff3-410a-bc7a-de44d51a2450\" href=\"https:\/\/ccal.ro\/wp-content\/uploads\/2025\/07\/projecte-castigatoare.pdf\" target=\"_blank\" rel=\"noreferrer noopener\">Nyertes p\u00e1ly\u00e1zatok<\/a><a href=\"https:\/\/ccal.ro\/wp-content\/uploads\/2025\/07\/projecte-castigatoare.pdf\" class=\"wp-block-file__button wp-element-button\" download aria-describedby=\"wp-block-file--media-44bee4db-5ff3-410a-bc7a-de44d51a2450\">Let\u00f6lt\u00e9s<\/a><\/div>\n\n\n\n<div class=\"wp-block-file\"><a id=\"wp-block-file--media-62c6df7e-8321-4d42-b4d8-0c2aa83e0a12\" href=\"https:\/\/ccal.ro\/wp-content\/uploads\/2025\/08\/Metodologia-de-finantare-2025_CCAL-1.doc\">Elsz\u00e1mol\u00e1si \u00fatmutat\u00f3<\/a><a href=\"https:\/\/ccal.ro\/wp-content\/uploads\/2025\/08\/Metodologia-de-finantare-2025_CCAL-1.doc\" class=\"wp-block-file__button wp-element-button\" download aria-describedby=\"wp-block-file--media-62c6df7e-8321-4d42-b4d8-0c2aa83e0a12\">Let\u00f6lt\u00e9s<\/a><\/div>\n\n\n\n<hr class=\"wp-block-separator has-alpha-channel-opacity is-style-default\"\/>\n\n\n\n<h4 class=\"wp-block-heading has-text-align-center\"><strong>Nyilv\u00e1nos felh\u00edv\u00e1s a kultur\u00e1lis p\u00e1ly\u00e1zatok ki\u00e9rt\u00e9kel\u00e9s\u00e9t \u00e9s kiv\u00e1laszt\u00e1s\u00e1t v\u00e9gz\u0151 szakemberekb\u0151l \u00e1ll\u00f3 bizotts\u00e1gok l\u00e9trehoz\u00e1s\u00e1ra<\/strong><\/h4>\n\n\n\n<ol type=\"1\">\n<li>A Gyergy\u00f3sz\u00e1rhegyi Kultur\u00e1lis \u00e9s M\u0171v\u00e9szeti K\u00f6zpont a saj\u00e1t adatb\u00e1zis\u00e1nak kialak\u00edt\u00e1sa \u00e9rdek\u00e9ben szakemberek \u2013 szakmai b\u00edr\u00e1l\u00f3k jelentkez\u00e9s\u00e9t v\u00e1rja a Hargita megyei kultur\u00e1lis projektek 2025. \u00e9vi vissza nem t\u00e9r\u00edtend\u0151 t\u00e1mogat\u00e1s\u00e1ra ir\u00e1nyul\u00f3 program \u00e9rt\u00e9kel\u0151 \u00e9s kiv\u00e1laszt\u00e1si bizotts\u00e1g\u00e1nak, valamint a kultur\u00e1lis projektek 2025. \u00e9vi vissza nem t\u00e9r\u00edtend\u0151 t\u00e1mogat\u00e1s\u00e1ra ir\u00e1nyul\u00f3 program keret\u00e9ben a fellebbez\u00e9seket elb\u00edr\u00e1l\u00f3 bizotts\u00e1g megalak\u00edt\u00e1s\u00e1ra;<\/li>\n\n\n\n<li>A kultur\u00e1lis programok, projektek \u00e9s esem\u00e9nyek finansz\u00edroz\u00e1si rendszer\u00e9nek jav\u00edt\u00e1s\u00e1r\u00f3l sz\u00f3l\u00f3 51\/1998-as sz\u00e1m\u00fa, ut\u00f3lag m\u00f3dos\u00edtott \u00e9s kieg\u00e9sz\u00edtett korm\u00e1nyrendelet 12-es cikkelye (2)-es bekezd\u00e9s\u00e9nek b) pontja \u00e9rtelm\u00e9ben a p\u00e1ly\u00e1z\u00f3nak az al\u00e1bbi felt\u00e9telt kell teljes\u00edtenie:\n<ul>\n<li>legal\u00e1bb 3, vagy adott esetben legal\u00e1bb 2 \u00e9v kultur\u00e1lis projektek menedzsmentj\u00e9ben \u00e9s\/vagy \u00e9rt\u00e9kel\u00e9sben szerzett szakmai tapasztalat.<\/li>\n<\/ul>\n<\/li>\n\n\n\n<li>&nbsp;A jelentkez\u00e9si dosszi\u00e9nak az al\u00e1bbi iratokat kell tartalmaznia:\n<ul>\n<li>Jelentkez\u00e9si k\u00e9r\u00e9s<\/li>\n\n\n\n<li>\u00d6n\u00e9letrajz<\/li>\n\n\n\n<li>Szem\u00e9lyazonoss\u00e1gi igazolv\u00e1ny m\u00e1solata<\/li>\n\n\n\n<li>Szakmai tapasztalatot igazol\u00f3 dokumentumok, amelyekb\u0151l kider\u00fcl, hogy a p\u00e1ly\u00e1z\u00f3 legal\u00e1bb 3, vagy adott esetben legal\u00e1bb 2 \u00e9v kultur\u00e1lis projektek menedzsmentj\u00e9ben \u00e9s\/vagy \u00e9rt\u00e9kel\u00e9sben szerzett szakmai tapasztalattal rendelkezik az adott a ter\u00fcleten.<\/li>\n\n\n\n<li>Egy\u00e9ni felel\u0151ss\u00e9g v\u00e1llal\u00e1si nyilatkozat (<a href=\"http:\/\/ccal.ro\/wp-content\/uploads\/2025\/05\/HU-DECLARATIE-PE-PROPRIA-RASPUNDERE.docx\" data-type=\"URL\" data-id=\"http:\/\/ccal.ro\/wp-content\/uploads\/2025\/05\/HU-DECLARATIE-PE-PROPRIA-RASPUNDERE.docx\">mell\u00e9kelt nyomtatv\u00e1ny<\/a>)<\/li>\n\n\n\n<li>Hozz\u00e1j\u00e1rul\u00e1si nyilatkozat a szem\u00e9lyes adatok kezel\u00e9s\u00e9hez \u00e9s tov\u00e1bb\u00edt\u00e1s\u00e1hoz (<a href=\"http:\/\/ccal.ro\/wp-content\/uploads\/2025\/05\/HU-Declaratie-de-consimtamant-privind-prelucrarea-datelor-personale.docx\" data-type=\"URL\" data-id=\"http:\/\/ccal.ro\/wp-content\/uploads\/2025\/05\/HU-Declaratie-de-consimtamant-privind-prelucrarea-datelor-personale.docx\">mell\u00e9kelt nyomtatv\u00e1ny<\/a>).<\/li>\n<\/ul>\n<\/li>\n\n\n\n<li>&nbsp;A t\u00f6rv\u00e9ny \u00e9rtelm\u00e9ben nem lehet \u00e9rt\u00e9kel\u0151 szakember az a szem\u00e9ly, aki:\n<ul>\n<li>finansz\u00edroz\u00e1si k\u00e9relmet \/ p\u00e1ly\u00e1zatot ny\u00fajtott be,<\/li>\n\n\n\n<li>finansz\u00edroz\u00e1si k\u00e9relmet beny\u00fajtott projektcsapat tagja,<\/li>\n\n\n\n<li>egy\u00e9ni munkaszerz\u0151d\u00e9st k\u00f6t\u00f6tt a finansz\u00edroz\u00f3 hat\u00f3s\u00e1ggal.<\/li>\n<\/ul>\n<\/li>\n\n\n\n<li>Az elektronikus form\u00e1tumban, digit\u00e1lis al\u00e1\u00edr\u00e1ssal ell\u00e1tott p\u00e1ly\u00e1zatot 2025. j\u00fanius 11-ig lehet beny\u00fajtani a <a href=\"cultural.artcenter.lazarea@gmail.com&nbsp;\">cultural.artcenter.lazarea@gmail.com&nbsp;<\/a>email c\u00edmre. <br>A programok r\u00e9szletes le\u00edr\u00e1sa a&nbsp;<a href=\"https:\/\/ccal.ro\/hu\/palyazatok\/\">https:\/\/ccal.ro\/hu\/palyazatok\/<\/a> linken \u00e9rhet\u0151 el.<\/li>\n<\/ol>\n\n\n\n<p><\/p>\n<div class=\"pvc_clear\"><\/div><p id=\"pvc_stats_15963\" class=\"pvc_stats all  \" data-element-id=\"15963\" style=\"\"><i class=\"pvc-stats-icon small\" aria-hidden=\"true\"><svg aria-hidden=\"true\" focusable=\"false\" data-prefix=\"far\" data-icon=\"chart-bar\" role=\"img\" xmlns=\"http:\/\/www.w3.org\/2000\/svg\" viewBox=\"0 0 512 512\" class=\"svg-inline--fa fa-chart-bar fa-w-16 fa-2x\"><path fill=\"currentColor\" d=\"M396.8 352h22.4c6.4 0 12.8-6.4 12.8-12.8V108.8c0-6.4-6.4-12.8-12.8-12.8h-22.4c-6.4 0-12.8 6.4-12.8 12.8v230.4c0 6.4 6.4 12.8 12.8 12.8zm-192 0h22.4c6.4 0 12.8-6.4 12.8-12.8V140.8c0-6.4-6.4-12.8-12.8-12.8h-22.4c-6.4 0-12.8 6.4-12.8 12.8v198.4c0 6.4 6.4 12.8 12.8 12.8zm96 0h22.4c6.4 0 12.8-6.4 12.8-12.8V204.8c0-6.4-6.4-12.8-12.8-12.8h-22.4c-6.4 0-12.8 6.4-12.8 12.8v134.4c0 6.4 6.4 12.8 12.8 12.8zM496 400H48V80c0-8.84-7.16-16-16-16H16C7.16 64 0 71.16 0 80v336c0 17.67 14.33 32 32 32h464c8.84 0 16-7.16 16-16v-16c0-8.84-7.16-16-16-16zm-387.2-48h22.4c6.4 0 12.8-6.4 12.8-12.8v-70.4c0-6.4-6.4-12.8-12.8-12.8h-22.4c-6.4 0-12.8 6.4-12.8 12.8v70.4c0 6.4 6.4 12.8 12.8 12.8z\" class=\"\"><\/path><\/svg><\/i> <img decoding=\"async\" loading=\"lazy\" width=\"16\" height=\"16\" alt=\"Loading\" src=\"https:\/\/ccal.ro\/wp-content\/plugins\/page-views-count\/ajax-loader-2x.gif\" border=0 \/><\/p><div class=\"pvc_clear\"><\/div>","protected":false},"excerpt":{"rendered":"<p>P\u00c1LY\u00c1ZATI FELH\u00cdV\u00c1Skultur\u00e1lis p\u00e1ly\u00e1zati ki\u00edr\u00e1s Hargita megyei kultur\u00e1lis projektek t\u00e1mogat\u00e1s\u00e1ra a 2025-\u00f6s \u00e9vben A t\u00e1mogat\u00f3 int\u00e9zm\u00e9ny megnevez\u00e9se: Gyergy\u00f3sz\u00e1rhegyi Kultur\u00e1lis \u00e9s M\u0171v\u00e9szeti K\u00f6zpont, 537135-Gyergy\u00f3sz\u00e1rhegy, Both Ferenc t\u00e9r 55o. sz\u00e1m, ad\u00f3sz\u00e1m: 9544359, telefon: 0757.200.291.P\u00e1ly\u00e1zhatnak: A rom\u00e1n vagy a sz\u00e1rmaz\u00e1si orsz\u00e1g t\u00f6rv\u00e9nyeinek megfelel\u0151en l\u00e9trehozott \u00e9s bejegyzett rom\u00e1n vagy k\u00fclf\u00f6ldi, jogi- \u00e9s fizikai szem\u00e9lyek, egy\u00e9ni v\u00e1llalkoz\u00e1sok, csal\u00e1di v\u00e1llalkoz\u00e1sok, akik k\u00fcl\u00f6nb\u00f6z\u0151 [&hellip;]<\/p>\n<div class=\"pvc_clear\"><\/div>\n<p id=\"pvc_stats_15963\" class=\"pvc_stats all  \" data-element-id=\"15963\" style=\"\"><i class=\"pvc-stats-icon small\" aria-hidden=\"true\"><svg aria-hidden=\"true\" focusable=\"false\" data-prefix=\"far\" data-icon=\"chart-bar\" role=\"img\" xmlns=\"http:\/\/www.w3.org\/2000\/svg\" viewBox=\"0 0 512 512\" class=\"svg-inline--fa fa-chart-bar fa-w-16 fa-2x\"><path fill=\"currentColor\" d=\"M396.8 352h22.4c6.4 0 12.8-6.4 12.8-12.8V108.8c0-6.4-6.4-12.8-12.8-12.8h-22.4c-6.4 0-12.8 6.4-12.8 12.8v230.4c0 6.4 6.4 12.8 12.8 12.8zm-192 0h22.4c6.4 0 12.8-6.4 12.8-12.8V140.8c0-6.4-6.4-12.8-12.8-12.8h-22.4c-6.4 0-12.8 6.4-12.8 12.8v198.4c0 6.4 6.4 12.8 12.8 12.8zm96 0h22.4c6.4 0 12.8-6.4 12.8-12.8V204.8c0-6.4-6.4-12.8-12.8-12.8h-22.4c-6.4 0-12.8 6.4-12.8 12.8v134.4c0 6.4 6.4 12.8 12.8 12.8zM496 400H48V80c0-8.84-7.16-16-16-16H16C7.16 64 0 71.16 0 80v336c0 17.67 14.33 32 32 32h464c8.84 0 16-7.16 16-16v-16c0-8.84-7.16-16-16-16zm-387.2-48h22.4c6.4 0 12.8-6.4 12.8-12.8v-70.4c0-6.4-6.4-12.8-12.8-12.8h-22.4c-6.4 0-12.8 6.4-12.8 12.8v70.4c0 6.4 6.4 12.8 12.8 12.8z\" class=\"\"><\/path><\/svg><\/i> <img decoding=\"async\" loading=\"lazy\" width=\"16\" height=\"16\" alt=\"Loading\" src=\"https:\/\/ccal.ro\/wp-content\/plugins\/page-views-count\/ajax-loader-2x.gif\" border=0 \/><\/p>\n<div class=\"pvc_clear\"><\/div>\n","protected":false},"author":2,"featured_media":0,"parent":0,"menu_order":0,"comment_status":"closed","ping_status":"closed","template":"","meta":[],"_links":{"self":[{"href":"https:\/\/ccal.ro\/hu\/wp-json\/wp\/v2\/pages\/15963"}],"collection":[{"href":"https:\/\/ccal.ro\/hu\/wp-json\/wp\/v2\/pages"}],"about":[{"href":"https:\/\/ccal.ro\/hu\/wp-json\/wp\/v2\/types\/page"}],"author":[{"embeddable":true,"href":"https:\/\/ccal.ro\/hu\/wp-json\/wp\/v2\/users\/2"}],"replies":[{"embeddable":true,"href":"https:\/\/ccal.ro\/hu\/wp-json\/wp\/v2\/comments?post=15963"}],"version-history":[{"count":21,"href":"https:\/\/ccal.ro\/hu\/wp-json\/wp\/v2\/pages\/15963\/revisions"}],"predecessor-version":[{"id":16232,"href":"https:\/\/ccal.ro\/hu\/wp-json\/wp\/v2\/pages\/15963\/revisions\/16232"}],"wp:attachment":[{"href":"https:\/\/ccal.ro\/hu\/wp-json\/wp\/v2\/media?parent=15963"}],"curies":[{"name":"wp","href":"https:\/\/api.w.org\/{rel}","templated":true}]}}