{"id":15966,"date":"2025-04-04T09:51:33","date_gmt":"2025-04-04T09:51:33","guid":{"rendered":"https:\/\/ccal.ro\/?page_id=15966"},"modified":"2025-08-11T11:44:54","modified_gmt":"2025-08-11T11:44:54","slug":"proiecte","status":"publish","type":"page","link":"https:\/\/ccal.ro\/ro\/proiecte\/","title":{"rendered":"Proiecte"},"content":{"rendered":"\n<h4 class=\"wp-block-heading has-text-align-center\">ANUN\u021a DE PARTICIPARE<br>pentru concursul de proiecte organizat \u00een cadrul Programului de finan\u021bare nerambursabil\u0103 a proiectelor culturale pe anul 2025<\/h4>\n\n\n\n<ol>\n<li>Autoritate Contractant\u0103: Centrul Cultural \u015fi de Arte L\u0103zarea, 537135- L\u0103zarea, Pia\u021ba Both Ferenc, nr. 550., Cod Fiscal 9544359, email: tel: 0757.200.291<\/li>\n\n\n\n<li>Solicitan\u021bii pot fi: Persoanele fizice autorizate, \u00eentreprinderile individuale, \u00eentreprinderile familiale sau persoanele juridice de drept public ori privat, rom\u00e2ne sau str\u0103ine, \u00eenfiin\u0163ate \u00een condi\u0163iile legii rom\u00e2ne ori ale \u0163\u0103rii de origine, dup\u0103 caz, care organizeaz\u0103 \u0219i deruleaz\u0103 diferite proiecte culturale,.<\/li>\n\n\n\n<li>Reglement\u0103ri legale privind acordarea de finan\u021bare nerambursabil\u0103:<br>Ordonan\u0163a Guvernului nr. 51\/1998 privind \u00eembun\u0103t\u0103\u0163irea sistemului de finan\u0163are nerambursabil\u0103 a proiectelor culturale, cu modific\u0103rile \u0219i complet\u0103rile ulterioare;<\/li>\n\n\n\n<li>Se acord\u0103 finan\u021bare nerambursabil\u0103 pentru:<br>Proiecte cu caracter cultural, organizate de persoanele fizice autorizate, \u00eentreprinderile individuale, \u00eentreprinderile familiale sau persoanele juridice de drept public ori privat, rom\u00e2ne sau str\u0103ine, \u00eenfiin\u0163ate \u00een condi\u0163iile legii rom\u00e2ne ori ale \u0163\u0103rii de origine, dup\u0103 caz.<\/li>\n\n\n\n<li>Suma aprobat\u0103: 270.000 lei<\/li>\n\n\n\n<li>Durata programului: anul bugetar 2025.<\/li>\n\n\n\n<li>Locul \u0219i data limit\u0103 de depunere ale ofertelor culturale:<br>Oferta cultural\u0103 de solicitare a finan\u021b\u0103rii nerambursabile va fi \u00eenc\u0103rcat\u0103 pe platforma online <a href=\"https:\/\/palyazatiprogramok.hargitamegye.ro\">https:\/\/palyazatiprogramok.hargitamegye.ro<\/a> , dup\u0103 desc\u0103rcare va fi creat \u00een cadrul platformei sus-men\u021bionate un fi\u0219ier \u00een format PDF, care va fi semnat cu semn\u0103tur\u0103 electronic\u0103 \u0219i va fi re\u00eenc\u0103rcat pe platforma sus-men\u021bionat\u0103. Totodat\u0103 va fi \u00eenaintat \u00een format electronic \u00een cursul zilei respective la adresele de email <a href=\"mailto:cultural.artcenter.lazarea@gmail.com\">cultural.artcenter.lazarea@gmail.com<\/a> \u0219i <a href=\"mailto:olah.zoltan1k84@gmail.com\">olah.zoltan1k84@gmail.com<\/a>. Denumirea fi\u0219ierului PDF va con\u021bine denumirea entit\u0103\u021bii care solicit\u0103 finan\u021bare nerambursabil\u0103 \u0219i titlul proiectului pe scurt. Data limit\u0103 de \u00eenc\u0103rcare este 11 iunie 2025, orele 12:00. Ofertele culturale pot fi trimise \u0219i prin po\u0219t\u0103 la adresa Centrului Cultural \u015fi de Arte L\u0103zarea pe suport de h\u00e2rtie, semnat cu semn\u0103tur\u0103 olograf\u0103, data limit\u0103 de primire la secretariatul institu\u0163iei fiind 11 iunie 2025, orele 12:00.<\/li>\n\n\n\n<li>Solicitarea finan\u021b\u0103rii nerambursabile:<br>Ghidul solicitantului se reg\u0103se\u0219te pe site-ul <a href=\"https:\/\/ccal.ro\/\" data-type=\"URL\" data-id=\"https:\/\/ccal.ro\/\">www.ccal.ro<\/a>, persoana de contact: Ol\u00e1h Zolt\u00e1n, tel: 0757.200.291, email: <a href=\"mailto:olah.zoltan1k84@gmail.com\">olah.zoltan1k84@gmail.com<\/a>.<\/li>\n<\/ol>\n\n\n\n<div class=\"wp-block-file\"><a id=\"wp-block-file--media-94c92190-26d5-481c-b9ff-a6d0c5e27000\" href=\"http:\/\/ccal.ro\/wp-content\/uploads\/2025\/05\/Anexa-2-Ghidul-Solicit-CCAL-2025.doc\">Anexa-2-Ghidul-Solicit-CCAL-2025<\/a><a href=\"http:\/\/ccal.ro\/wp-content\/uploads\/2025\/05\/Anexa-2-Ghidul-Solicit-CCAL-2025.doc\" class=\"wp-block-file__button wp-element-button\" download aria-describedby=\"wp-block-file--media-94c92190-26d5-481c-b9ff-a6d0c5e27000\">Let\u00f6lt\u00e9s<\/a><\/div>\n\n\n\n<div class=\"wp-block-file\"><a id=\"wp-block-file--media-4f7b80a4-9beb-4a18-9007-8c57659d6dbf\" href=\"http:\/\/ccal.ro\/wp-content\/uploads\/2025\/05\/Anexa-4-Oferta-culturala-2025.doc\">Anexa-4-Oferta-culturala-2025<\/a><a href=\"http:\/\/ccal.ro\/wp-content\/uploads\/2025\/05\/Anexa-4-Oferta-culturala-2025.doc\" class=\"wp-block-file__button wp-element-button\" download aria-describedby=\"wp-block-file--media-4f7b80a4-9beb-4a18-9007-8c57659d6dbf\">Let\u00f6lt\u00e9s<\/a><\/div>\n\n\n\n<div class=\"wp-block-file\"><a id=\"wp-block-file--media-c987fb21-4913-4871-bdf4-7ee5b651ecc0\" href=\"http:\/\/ccal.ro\/wp-content\/uploads\/2025\/06\/projecte-depuse.pdf\" target=\"_blank\" rel=\"noreferrer noopener\">Proiecte depuse<\/a><a href=\"http:\/\/ccal.ro\/wp-content\/uploads\/2025\/06\/projecte-depuse.pdf\" class=\"wp-block-file__button wp-element-button\" download aria-describedby=\"wp-block-file--media-c987fb21-4913-4871-bdf4-7ee5b651ecc0\">Let\u00f6lt\u00e9s<\/a><\/div>\n\n\n\n<div class=\"wp-block-file\"><a id=\"wp-block-file--media-5f2161f3-ca8d-47db-bc50-1f5f28de6db8\" href=\"http:\/\/ccal.ro\/wp-content\/uploads\/2025\/07\/projecte-castigatoare.pdf\" target=\"_blank\" rel=\"noreferrer noopener\">Lista proiectelor c\u00e2\u0219tig\u0103toare<\/a><a href=\"http:\/\/ccal.ro\/wp-content\/uploads\/2025\/07\/projecte-castigatoare.pdf\" class=\"wp-block-file__button wp-element-button\" download aria-describedby=\"wp-block-file--media-5f2161f3-ca8d-47db-bc50-1f5f28de6db8\">Let\u00f6lt\u00e9s<\/a><\/div>\n\n\n\n<div class=\"wp-block-file\"><a id=\"wp-block-file--media-31b59c2b-6699-4648-9d9a-8c058ac19863\" href=\"https:\/\/ccal.ro\/wp-content\/uploads\/2025\/08\/Metodologia-de-finantare-2025_CCAL.doc\">Metodologia de finan\u021bare<\/a><a href=\"https:\/\/ccal.ro\/wp-content\/uploads\/2025\/08\/Metodologia-de-finantare-2025_CCAL.doc\" class=\"wp-block-file__button wp-element-button\" download aria-describedby=\"wp-block-file--media-31b59c2b-6699-4648-9d9a-8c058ac19863\">Let\u00f6lt\u00e9s<\/a><\/div>\n\n\n\n<hr class=\"wp-block-separator has-alpha-channel-opacity is-style-default\"\/>\n\n\n\n<h4 class=\"wp-block-heading has-text-align-center\">Anun\u021b public de recrutare pentru formarea comisiei&nbsp; de evaluare \u0219i&nbsp; selec\u021bie a speciali\u0219tilor pentru evaluarea &nbsp;Programului de finan\u021bare nerambursabil\u0103 a proiectelor culturale pe anul 2025 \u00een jude\u021bul Harghita<\/h4>\n\n\n\n<div class=\"wp-block-group is-layout-constrained\"><div class=\"wp-block-group__inner-container\">\n<p>1. \u00cen vederea constituirii bazei proprii de date, Centrul Cultural \u0219i de Arte L\u0103zarea invit\u0103 speciali\u0219ti \u2013 exper\u021bi evaluatori s\u0103-\u0219i depun\u0103 candidatura pentru formarea comisia de evaluare \u0219i selec\u021bie a Programului de finan\u021bare nerambursabil\u0103 a proiectelor culturale pe anul 2025 \u00een jude\u021bul Harghita \u0219i a comisiei de solu\u021bionare a contesta\u021biilor \u00een cadrul Programului de finan\u021bare nerambursabil\u0103 a proiectelor culturale pe anul 2025 \u00een jude\u021bul Harghita;<\/p>\n\n\n\n<p>2. Conform prevederilor art. 12 alin. (2) lit. b) din Ordonan\u021ba nr. 51\/1998 privind \u00eembun\u0103t\u0103\u021birea sistemului de finan\u021bare nerambursabil\u0103 a proiectelor culturale, cu modific\u0103rile \u0219i complet\u0103rile ulterioare, candidatul trebuie s\u0103 \u00eendeplineasc\u0103 urm\u0103toarea condi\u021bie:<\/p>\n\n\n\n<ul>\n<li>s\u0103 aib\u0103 experien\u021b\u0103 profesional\u0103 de cel pu\u021bin 3 ani sau, dup\u0103 caz, cel pu\u021bin 2 ani \u00een managementul \u0219i\/sau evaluarea proiectelor culturale, \u00een domeniul cultural.<\/li>\n<\/ul>\n\n\n\n<p>3. Dosarul de candidatur\u0103 trebuie s\u0103 con\u021bin\u0103 urm\u0103toarele:<\/p>\n\n\n\n<ul>\n<li>Cerere de \u00eenscriere<\/li>\n\n\n\n<li>Curriculum vitae<\/li>\n\n\n\n<li>Copie dup\u0103 Cartea de identitate<\/li>\n\n\n\n<li>Documente care atest\u0103 experien\u021b\u0103 profesional\u0103 cel pu\u021bin 3 ani sau, dup\u0103 caz, cel pu\u021bin 2 ani \u00een managementul \u0219i\/sau evaluarea proiectelor culturale, \u00een domeniile pentru care se organizeaz\u0103 sesiunea de selec\u021bie<\/li>\n\n\n\n<li>Declara\u021bie pe propria r\u0103spundere (<a href=\"http:\/\/ccal.ro\/wp-content\/uploads\/2025\/05\/DECLARATIE-PE-PROPRIA-RASPUNDERE.docx\" data-type=\"URL\" data-id=\"http:\/\/ccal.ro\/wp-content\/uploads\/2025\/05\/DECLARATIE-PE-PROPRIA-RASPUNDERE.docx\">model anexat<\/a>)<\/li>\n\n\n\n<li>Declara\u021bie de consim\u021b\u0103m\u00e2nt privind prelucrarea \u0219i utilizarea datelor cu caracter personal (<a href=\"http:\/\/ccal.ro\/wp-content\/uploads\/2025\/05\/Declaratie-de-consimtamant-privind-prelucrarea-datelor-personale.docx\" data-type=\"URL\" data-id=\"http:\/\/ccal.ro\/wp-content\/uploads\/2025\/05\/Declaratie-de-consimtamant-privind-prelucrarea-datelor-personale.docx\">model anexat<\/a>)<\/li>\n<\/ul>\n\n\n\n<p>4.&nbsp;Preciz\u0103m c\u0103 \u00een conformitate cu legea, NU POATE FI EVALUATOR o persoan\u0103 care:<\/p>\n\n\n\n<ul>\n<li>are proiecte depuse spre finan\u021bare,<\/li>\n\n\n\n<li>face parte din echipa unui \u00eenscris spre finan\u021bare,<\/li>\n\n\n\n<li>are contract individual de munc\u0103 \u00eencheiat cu autoritatea finan\u021batoare.<\/li>\n<\/ul>\n\n\n\n<p>5. Depunerea candidaturii se va face p\u00e2n\u0103 la 11 iunie 2025, \u00een format electronic, cu semn\u0103tur\u0103 electronic\u0103 la adresele de email <a href=\"file:\/\/\/C:\/Users\/CENTRU%20CULTURAL\/Desktop\/palyazatok\/2025\/HMT\/bizottsag\/cultural.artcenter.lazarea@gmail.com\">cultural.artcenter.lazarea@gmail.com<\/a>. Descrierea detaliat\u0103 a programelor se poate consulta sub link-ul: <a href=\"https:\/\/ccal.ro\/ro\/proiecte\/\">https:\/\/ccal.ro\/ro\/proiecte\/<\/a><\/p>\n<\/div><\/div>\n<div class=\"pvc_clear\"><\/div><p id=\"pvc_stats_15966\" class=\"pvc_stats all  \" data-element-id=\"15966\" style=\"\"><i class=\"pvc-stats-icon small\" aria-hidden=\"true\"><svg aria-hidden=\"true\" focusable=\"false\" data-prefix=\"far\" data-icon=\"chart-bar\" role=\"img\" xmlns=\"http:\/\/www.w3.org\/2000\/svg\" viewBox=\"0 0 512 512\" class=\"svg-inline--fa fa-chart-bar fa-w-16 fa-2x\"><path fill=\"currentColor\" d=\"M396.8 352h22.4c6.4 0 12.8-6.4 12.8-12.8V108.8c0-6.4-6.4-12.8-12.8-12.8h-22.4c-6.4 0-12.8 6.4-12.8 12.8v230.4c0 6.4 6.4 12.8 12.8 12.8zm-192 0h22.4c6.4 0 12.8-6.4 12.8-12.8V140.8c0-6.4-6.4-12.8-12.8-12.8h-22.4c-6.4 0-12.8 6.4-12.8 12.8v198.4c0 6.4 6.4 12.8 12.8 12.8zm96 0h22.4c6.4 0 12.8-6.4 12.8-12.8V204.8c0-6.4-6.4-12.8-12.8-12.8h-22.4c-6.4 0-12.8 6.4-12.8 12.8v134.4c0 6.4 6.4 12.8 12.8 12.8zM496 400H48V80c0-8.84-7.16-16-16-16H16C7.16 64 0 71.16 0 80v336c0 17.67 14.33 32 32 32h464c8.84 0 16-7.16 16-16v-16c0-8.84-7.16-16-16-16zm-387.2-48h22.4c6.4 0 12.8-6.4 12.8-12.8v-70.4c0-6.4-6.4-12.8-12.8-12.8h-22.4c-6.4 0-12.8 6.4-12.8 12.8v70.4c0 6.4 6.4 12.8 12.8 12.8z\" class=\"\"><\/path><\/svg><\/i> <img decoding=\"async\" loading=\"lazy\" width=\"16\" height=\"16\" alt=\"Loading\" src=\"https:\/\/ccal.ro\/wp-content\/plugins\/page-views-count\/ajax-loader-2x.gif\" border=0 \/><\/p><div class=\"pvc_clear\"><\/div>","protected":false},"excerpt":{"rendered":"<p>ANUN\u021a DE PARTICIPAREpentru concursul de proiecte organizat \u00een cadrul Programului de finan\u021bare nerambursabil\u0103 a proiectelor culturale pe anul 2025 Anun\u021b public de recrutare pentru formarea comisiei&nbsp; de evaluare \u0219i&nbsp; selec\u021bie a speciali\u0219tilor pentru evaluarea &nbsp;Programului de finan\u021bare nerambursabil\u0103 a proiectelor culturale pe anul 2025 \u00een jude\u021bul Harghita 1. \u00cen vederea constituirii bazei proprii de date, [&hellip;]<\/p>\n<div class=\"pvc_clear\"><\/div>\n<p id=\"pvc_stats_15966\" class=\"pvc_stats all  \" data-element-id=\"15966\" style=\"\"><i class=\"pvc-stats-icon small\" aria-hidden=\"true\"><svg aria-hidden=\"true\" focusable=\"false\" data-prefix=\"far\" data-icon=\"chart-bar\" role=\"img\" xmlns=\"http:\/\/www.w3.org\/2000\/svg\" viewBox=\"0 0 512 512\" class=\"svg-inline--fa fa-chart-bar fa-w-16 fa-2x\"><path fill=\"currentColor\" d=\"M396.8 352h22.4c6.4 0 12.8-6.4 12.8-12.8V108.8c0-6.4-6.4-12.8-12.8-12.8h-22.4c-6.4 0-12.8 6.4-12.8 12.8v230.4c0 6.4 6.4 12.8 12.8 12.8zm-192 0h22.4c6.4 0 12.8-6.4 12.8-12.8V140.8c0-6.4-6.4-12.8-12.8-12.8h-22.4c-6.4 0-12.8 6.4-12.8 12.8v198.4c0 6.4 6.4 12.8 12.8 12.8zm96 0h22.4c6.4 0 12.8-6.4 12.8-12.8V204.8c0-6.4-6.4-12.8-12.8-12.8h-22.4c-6.4 0-12.8 6.4-12.8 12.8v134.4c0 6.4 6.4 12.8 12.8 12.8zM496 400H48V80c0-8.84-7.16-16-16-16H16C7.16 64 0 71.16 0 80v336c0 17.67 14.33 32 32 32h464c8.84 0 16-7.16 16-16v-16c0-8.84-7.16-16-16-16zm-387.2-48h22.4c6.4 0 12.8-6.4 12.8-12.8v-70.4c0-6.4-6.4-12.8-12.8-12.8h-22.4c-6.4 0-12.8 6.4-12.8 12.8v70.4c0 6.4 6.4 12.8 12.8 12.8z\" class=\"\"><\/path><\/svg><\/i> <img decoding=\"async\" loading=\"lazy\" width=\"16\" height=\"16\" alt=\"Loading\" src=\"https:\/\/ccal.ro\/wp-content\/plugins\/page-views-count\/ajax-loader-2x.gif\" border=0 \/><\/p>\n<div class=\"pvc_clear\"><\/div>\n","protected":false},"author":2,"featured_media":0,"parent":0,"menu_order":0,"comment_status":"closed","ping_status":"closed","template":"","meta":[],"_links":{"self":[{"href":"https:\/\/ccal.ro\/ro\/wp-json\/wp\/v2\/pages\/15966"}],"collection":[{"href":"https:\/\/ccal.ro\/ro\/wp-json\/wp\/v2\/pages"}],"about":[{"href":"https:\/\/ccal.ro\/ro\/wp-json\/wp\/v2\/types\/page"}],"author":[{"embeddable":true,"href":"https:\/\/ccal.ro\/ro\/wp-json\/wp\/v2\/users\/2"}],"replies":[{"embeddable":true,"href":"https:\/\/ccal.ro\/ro\/wp-json\/wp\/v2\/comments?post=15966"}],"version-history":[{"count":15,"href":"https:\/\/ccal.ro\/ro\/wp-json\/wp\/v2\/pages\/15966\/revisions"}],"predecessor-version":[{"id":16228,"href":"https:\/\/ccal.ro\/ro\/wp-json\/wp\/v2\/pages\/15966\/revisions\/16228"}],"wp:attachment":[{"href":"https:\/\/ccal.ro\/ro\/wp-json\/wp\/v2\/media?parent=15966"}],"curies":[{"name":"wp","href":"https:\/\/api.w.org\/{rel}","templated":true}]}}